{"id":156,"date":"2020-06-18T16:47:46","date_gmt":"2020-06-18T14:47:46","guid":{"rendered":"https:\/\/www.life-sallina.com\/politique-de-confidentialite\/"},"modified":"2020-09-21T16:05:44","modified_gmt":"2020-09-21T14:05:44","slug":"politique-de-confidentialite","status":"publish","type":"page","link":"https:\/\/www.life-sallina.com\/en\/politique-de-confidentialite\/","title":{"rendered":"Mentions l\u00e9gales"},"content":{"rendered":"\t\t<div data-elementor-type=\"wp-page\" data-elementor-id=\"156\" class=\"elementor elementor-156 elementor-3\">\n\t\t\t\t\t\t<section class=\"elementor-section elementor-top-section elementor-element elementor-element-5ac5e7c elementor-section-boxed elementor-section-height-default elementor-section-height-default\" data-id=\"5ac5e7c\" data-element_type=\"section\" data-e-type=\"section\">\n\t\t\t\t\t\t<div class=\"elementor-container elementor-column-gap-default\">\n\t\t\t\t\t<div class=\"elementor-column elementor-col-100 elementor-top-column elementor-element elementor-element-fc47f52\" data-id=\"fc47f52\" data-element_type=\"column\" data-e-type=\"column\">\n\t\t\t<div class=\"elementor-widget-wrap elementor-element-populated\">\n\t\t\t\t\t\t<div class=\"elementor-element elementor-element-068caeb elementor-widget elementor-widget-text-editor\" data-id=\"068caeb\" data-element_type=\"widget\" data-e-type=\"widget\" data-widget_type=\"text-editor.default\">\n\t\t\t\t<div class=\"elementor-widget-container\">\n\t\t\t\t\t\t\t\t\t<p>La consultation du site Internet \u00ab www.life-sallina.com \u00bb (le Site) est subordonn\u00e9e \u00e0 l\u2019acceptation int\u00e9grale et au respect par les internautes, des conditions d\u2019utilisation suivantes.<\/p>\n<p>L\u2019internaute s\u2019engage d\u2019ores et d\u00e9j\u00e0 \u00e0 faire des informations contenues sur le Site un usage personnel et non commercial. En cas de non-respect des pr\u00e9sentes dispositions par l\u2019internaute, sa responsabilit\u00e9 pourrait se voir engag\u00e9e.<\/p>\n<h2><span style=\"color: #3bbdee;\"><strong><span style=\"font-size: 24px;\">IDENTIFICATION ET PUBLICATION<\/span><\/strong><\/span><\/h2>\n<h2><span style=\"color: #3bbdee;\"><strong><span style=\"font-size: 20px;\">Informations sur l\u2019\u00e9diteur du site web<\/span><\/strong><\/span><\/h2>\n<p>Life Sallina<\/p>\n<h2><br \/><span style=\"color: #3bbdee;\"><strong><span style=\"font-size: 20px;\">Informations sur l\u2019h\u00e9bergeur<\/span><\/strong><\/span><\/h2>\n<p>Le site est h\u00e9berg\u00e9 par l\u2019entreprise Espace Technologie<br \/>http:\/\/web.espace-technologie.com<br \/>Parc d\u2019activit\u00e9s Schweitzer<br \/>Rue du Bois Foss\u00e9 BP 147<br \/>85301 CHALLANS cedex<br \/>T\u00e9l. : 02 51 49 31 31 \u2013 Fax : 02 51 49 40 82<\/p>\n<h2><span style=\"color: #3bbdee;\"><strong><span style=\"font-size: 20px;\">Responsable de publication<\/span><\/strong><\/span><\/h2>\n<p>Directeur\/directrice de la publication : Val\u00e9riane M\u00e9tayer<\/p>\n<h2><span style=\"color: #3bbdee;\"><strong><span style=\"font-size: 24px;\">CONTENU DU SITE<\/span><\/strong><\/span><\/h2>\n<p>Le Site est exploit\u00e9 par Life Sallina, afin de rendre visible le projet.<\/p>\n<p>Le Site est la propri\u00e9t\u00e9 exclusive de Life Sallina.<br \/>Il a \u00e9t\u00e9 con\u00e7u et r\u00e9alis\u00e9 par Espace Technologie<br \/>http:\/\/web.espace-technologie.com<br \/>Parc d\u2019activit\u00e9s Schweitzer<br \/>Rue du Bois Foss\u00e9 BP 147<br \/>85301 CHALLANS cedex<br \/>T\u00e9l. : 02 51 49 31 31 \u2013 Fax : 02 51 49 40 82<\/p>\n<h2><span style=\"color: #3bbdee;\"><strong><span style=\"font-size: 24px;\">PROPRI\u00c9T\u00c9 INTELLECTUELLE<\/span><\/strong><\/span><\/h2>\n<h2><span style=\"font-size: 20px; color: #3bbdee;\"><strong>Droits d\u2019auteur<\/strong><\/span><\/h2>\n<p>Le Site constitue une \u0153uvre originale et Life Sallina est titulaire des droits d\u2019auteur sur celle-ci, au regard des articles L111-1 et suivants du Code de la propri\u00e9t\u00e9 intellectuelle.<br \/>Il est rappel\u00e9 que toutes images, textes ou \u00e9l\u00e9ments graphiques contenus sur le pr\u00e9sent Site peuvent constituer des \u0153uvres de l\u2019esprit, b\u00e9n\u00e9ficiant ainsi de la protection au titre du droit d\u2019auteur, selon les dispositions de ce m\u00eame Code.<br \/>Toute repr\u00e9sentation ou reproduction, totale ou partielle, permanente ou temporaire, sur un support informatique et\/ou papier, et par quelque proc\u00e9d\u00e9 que ce soit (notamment par voie de framing), de l\u2019un ou l\u2019autre des \u00e9l\u00e9ments du Site, sans l\u2019accord pr\u00e9alable et expr\u00e8s de Life Sallina, est interdite et constitue un acte de contrefa\u00e7on, qui pourra entra\u00eener des condamnations civiles et\/ou p\u00e9nales, selon les articles L331-1 et suivants et L335-2 et suivants du Code de la propri\u00e9t\u00e9 intellectuelle, sous r\u00e9serve des exceptions mentionn\u00e9es \u00e0 l\u2019article L122-5 de ce m\u00eame Code.<\/p>\n<h2><span style=\"color: #3bbdee;\"><strong><span style=\"font-size: 20px;\">Droit des marques<\/span><\/strong><\/span><\/h2>\n<p>Les \u00e9ventuelles marques de Life Sallina, de ses entit\u00e9s, de ses fournisseurs et de ses partenaires, ainsi que les logos figurant sur le Site, leur conf\u00e8rent une exclusivit\u00e9 d\u2019exploitation de ceux-ci. Toute reproduction totale ou partielle, voire imitation, de ces marques ou logos, effectu\u00e9e \u00e0 partir des \u00e9l\u00e9ments du Site, sans l\u2019autorisation expresse de Life Sallina, est donc prohib\u00e9e, au sens des articles L.713-2 et L.713-3 du Code de la propri\u00e9t\u00e9 intellectuelle.<\/p>\n<h2><span style=\"color: #3bbdee;\"><strong><span style=\"font-size: 20px;\">Liens hypertextes<\/span><\/strong><\/span><\/h2>\n<p>L\u2019\u00e9tablissement de liens hypertextes vers le Site ou l\u2019un de ses \u00e9l\u00e9ments n\u00e9cessite une autorisation pr\u00e9alable et \u00e9crite de Life Sallina.<\/p>\n<h2><span style=\"color: #3bbdee;\"><strong><span style=\"font-size: 24px;\">PROTECTION DES DONN\u00c9ES PERSONNELLES ET COOKIES<\/span><\/strong><\/span><\/h2>\n<p>Dans le cadre de l\u2019utilisation du Site notamment, Life Sallina est amen\u00e9 \u00e0 op\u00e9rer des traitements de donn\u00e9es \u00e0 caract\u00e8re personnel.<\/p>\n<p>Elle respecte \u00e0 ce titre les dispositions du RGPD (R\u00e8glement (UE) 2016\/679 du Parlement europ\u00e9en et du Conseil du 27 avril 2016 relatif \u00e0 la protection des personnes physiques \u00e0 l\u2019\u00e9gard du traitement des donn\u00e9es \u00e0 caract\u00e8re personnel et \u00e0 la libre circulation de ces donn\u00e9es) et de la LIL (loi du 6 janvier 1978 dite Loi informatique et Libert\u00e9s modifi\u00e9e relative \u00e0 la protection des donn\u00e9es personnelles).<\/p>\n<p>Pour en savoir plus sur la politique de protection des donn\u00e9es personnelles et l\u2019utilisation des cookies cliquez ici.<\/p>\n<h2><span style=\"color: #3bbdee;\"><strong><span style=\"font-size: 24px;\">RESPONSABILIT\u00c9<\/span><\/strong><\/span><\/h2>\n<p>L\u2019internaute est seul responsable de l\u2019utilisation qu\u2019il fait du contenu du Site. Sauf faute grave exclusive de Life Sallina, sa responsabilit\u00e9 ne peut \u00eatre engag\u00e9e pour des dommages directs et indirects li\u00e9s \u00e0 l\u2019utilisation des informations produites sur le Site.<\/p>\n<h2><span style=\"font-size: 20px; color: #3bbdee;\"><strong>Fonctionnement du Site<\/strong><\/span><\/h2>\n<p>Life Sallina d\u00e9cline toute responsabilit\u00e9 quant aux \u00e9ventuels dysfonctionnements pouvant survenir sur le Site et entra\u00eener une perte de donn\u00e9es ou une indisponibilit\u00e9 de l\u2019acc\u00e8s aux informations produites sur celui-ci.<\/p>\n<h2><span style=\"color: #3bbdee;\"><strong><span style=\"font-size: 20px;\">Contenu du Site<\/span><\/strong><\/span><\/h2>\n<p>Les \u00e9l\u00e9ments pr\u00e9sent\u00e9s sur le Site sont susceptibles de modification, sans pr\u00e9avis, et sont mis \u00e0 la disposition des internautes, sans aucune garantie d\u2019aucune sorte, expresse ou tacite.<br \/>Life Sallina ne peut garantir l\u2019exhaustivit\u00e9 et la v\u00e9racit\u00e9 des informations pr\u00e9sentes sur le Site. De la m\u00eame mani\u00e8re, elle ne peut garantir l\u2019absence de modification par un tiers (intrusion, virus).<\/p>\n<h2><span style=\"font-size: 20px; color: #3bbdee;\"><strong>Pr\u00e9sence de liens hypertextes<\/strong><\/span><\/h2>\n<p>Life Sallina n\u2019est en aucun cas responsable du contenu ainsi que des produits ou services propos\u00e9s sur les sites internet auxquels le Site se trouverait li\u00e9 par des liens hypertextes ou tout autre type de lien. La pr\u00e9sence de liens hypertextes sur le Site, quelle que soit l\u2019existence pr\u00e9alable ou non de l\u2019accord de Life Sallina, ne cr\u00e9e pas une solidarit\u00e9 de responsabilit\u00e9 entre celle-ci et les propri\u00e9taires des autres sites, quant au contenu des sites sur lesquels l\u2019internaute est redirig\u00e9.<\/p>\n<h2><span style=\"color: #3bbdee;\"><strong><span style=\"font-size: 24px;\">DROIT APPLICABLE ET COMP\u00c9TENCE JUDICIAIRE<\/span><\/strong><\/span><\/h2>\n<p>L\u2019ensemble des informations diffus\u00e9es sur le Site et l\u2019utilisation qui en est faite sont soumis exclusivement au droit fran\u00e7ais.<\/p>\t\t\t\t\t\t\t\t<\/div>\n\t\t\t\t<\/div>\n\t\t\t\t\t<\/div>\n\t\t<\/div>\n\t\t\t\t\t<\/div>\n\t\t<\/section>\n\t\t\t\t<\/div>\n\t\t","protected":false},"excerpt":{"rendered":"<p>La consultation du site Internet \u00ab www.life-sallina.com \u00bb (le Site) est subordonn\u00e9e \u00e0 l\u2019acceptation int\u00e9grale et au respect par les internautes, des conditions d\u2019utilisation suivantes. L\u2019internaute s\u2019engage d\u2019ores et d\u00e9j\u00e0 \u00e0 faire des informations contenues sur le Site un usage personnel et non commercial. En cas de non-respect des pr\u00e9sentes dispositions par l\u2019internaute, sa responsabilit\u00e9 [&hellip;]<\/p>\n","protected":false},"author":1,"featured_media":0,"parent":0,"menu_order":0,"comment_status":"closed","ping_status":"open","template":"","meta":{"footnotes":""},"class_list":["post-156","page","type-page","status-publish","hentry"],"yoast_head":"<!-- This site is optimized with the Yoast SEO plugin v27.6 - https:\/\/yoast.com\/product\/yoast-seo-wordpress\/ -->\n<title>Mentions l\u00e9gales<\/title>\n<meta name=\"robots\" content=\"index, follow, max-snippet:-1, max-image-preview:large, max-video-preview:-1\" \/>\n<link rel=\"canonical\" href=\"https:\/\/www.life-sallina.com\/en\/politique-de-confidentialite\/\" \/>\n<meta property=\"og:locale\" content=\"en_US\" \/>\n<meta property=\"og:type\" content=\"article\" \/>\n<meta property=\"og:title\" content=\"Mentions l\u00e9gales\" \/>\n<meta property=\"og:description\" content=\"La consultation du site Internet \u00ab www.life-sallina.com \u00bb (le Site) est subordonn\u00e9e \u00e0 l\u2019acceptation int\u00e9grale et au respect par les internautes, des conditions d\u2019utilisation suivantes. L\u2019internaute s\u2019engage d\u2019ores et d\u00e9j\u00e0 \u00e0 faire des informations contenues sur le Site un usage personnel et non commercial. En cas de non-respect des pr\u00e9sentes dispositions par l\u2019internaute, sa responsabilit\u00e9 [&hellip;]\" \/>\n<meta property=\"og:url\" content=\"https:\/\/www.life-sallina.com\/en\/politique-de-confidentialite\/\" \/>\n<meta property=\"og:site_name\" content=\"Life Sallina\" \/>\n<meta property=\"article:modified_time\" content=\"2020-09-21T14:05:44+00:00\" \/>\n<meta name=\"twitter:card\" content=\"summary_large_image\" \/>\n<meta name=\"twitter:label1\" content=\"Est. reading time\" \/>\n\t<meta name=\"twitter:data1\" content=\"4 minutes\" \/>\n<script type=\"application\/ld+json\" class=\"yoast-schema-graph\">{\"@context\":\"https:\\\/\\\/schema.org\",\"@graph\":[{\"@type\":\"WebPage\",\"@id\":\"https:\\\/\\\/www.life-sallina.com\\\/en\\\/politique-de-confidentialite\\\/\",\"url\":\"https:\\\/\\\/www.life-sallina.com\\\/en\\\/politique-de-confidentialite\\\/\",\"name\":\"Mentions l\u00e9gales\",\"isPartOf\":{\"@id\":\"https:\\\/\\\/www.life-sallina.com\\\/en\\\/#website\"},\"datePublished\":\"2020-06-18T14:47:46+00:00\",\"dateModified\":\"2020-09-21T14:05:44+00:00\",\"breadcrumb\":{\"@id\":\"https:\\\/\\\/www.life-sallina.com\\\/en\\\/politique-de-confidentialite\\\/#breadcrumb\"},\"inLanguage\":\"en-US\",\"potentialAction\":[{\"@type\":\"ReadAction\",\"target\":[\"https:\\\/\\\/www.life-sallina.com\\\/en\\\/politique-de-confidentialite\\\/\"]}]},{\"@type\":\"BreadcrumbList\",\"@id\":\"https:\\\/\\\/www.life-sallina.com\\\/en\\\/politique-de-confidentialite\\\/#breadcrumb\",\"itemListElement\":[{\"@type\":\"ListItem\",\"position\":1,\"name\":\"Accueil\",\"item\":\"https:\\\/\\\/www.life-sallina.com\\\/en\\\/\"},{\"@type\":\"ListItem\",\"position\":2,\"name\":\"Mentions l\u00e9gales\"}]},{\"@type\":\"WebSite\",\"@id\":\"https:\\\/\\\/www.life-sallina.com\\\/en\\\/#website\",\"url\":\"https:\\\/\\\/www.life-sallina.com\\\/en\\\/\",\"name\":\"Life Sallina\",\"description\":\"\",\"publisher\":{\"@id\":\"https:\\\/\\\/www.life-sallina.com\\\/en\\\/#organization\"},\"potentialAction\":[{\"@type\":\"SearchAction\",\"target\":{\"@type\":\"EntryPoint\",\"urlTemplate\":\"https:\\\/\\\/www.life-sallina.com\\\/en\\\/?s={search_term_string}\"},\"query-input\":{\"@type\":\"PropertyValueSpecification\",\"valueRequired\":true,\"valueName\":\"search_term_string\"}}],\"inLanguage\":\"en-US\"},{\"@type\":\"Organization\",\"@id\":\"https:\\\/\\\/www.life-sallina.com\\\/en\\\/#organization\",\"name\":\"Life Sallina\",\"url\":\"https:\\\/\\\/www.life-sallina.com\\\/en\\\/\",\"logo\":{\"@type\":\"ImageObject\",\"inLanguage\":\"en-US\",\"@id\":\"https:\\\/\\\/www.life-sallina.com\\\/en\\\/#\\\/schema\\\/logo\\\/image\\\/\",\"url\":\"https:\\\/\\\/www.life-sallina.com\\\/wp-content\\\/uploads\\\/2020\\\/07\\\/bulle-logo.png\",\"contentUrl\":\"https:\\\/\\\/www.life-sallina.com\\\/wp-content\\\/uploads\\\/2020\\\/07\\\/bulle-logo.png\",\"width\":297,\"height\":297,\"caption\":\"Life Sallina\"},\"image\":{\"@id\":\"https:\\\/\\\/www.life-sallina.com\\\/en\\\/#\\\/schema\\\/logo\\\/image\\\/\"}}]}<\/script>\n<!-- \/ Yoast SEO plugin. -->","yoast_head_json":{"title":"Mentions l\u00e9gales","robots":{"index":"index","follow":"follow","max-snippet":"max-snippet:-1","max-image-preview":"max-image-preview:large","max-video-preview":"max-video-preview:-1"},"canonical":"https:\/\/www.life-sallina.com\/en\/politique-de-confidentialite\/","og_locale":"en_US","og_type":"article","og_title":"Mentions l\u00e9gales","og_description":"La consultation du site Internet \u00ab www.life-sallina.com \u00bb (le Site) est subordonn\u00e9e \u00e0 l\u2019acceptation int\u00e9grale et au respect par les internautes, des conditions d\u2019utilisation suivantes. L\u2019internaute s\u2019engage d\u2019ores et d\u00e9j\u00e0 \u00e0 faire des informations contenues sur le Site un usage personnel et non commercial. En cas de non-respect des pr\u00e9sentes dispositions par l\u2019internaute, sa responsabilit\u00e9 [&hellip;]","og_url":"https:\/\/www.life-sallina.com\/en\/politique-de-confidentialite\/","og_site_name":"Life Sallina","article_modified_time":"2020-09-21T14:05:44+00:00","twitter_card":"summary_large_image","twitter_misc":{"Est. reading time":"4 minutes"},"schema":{"@context":"https:\/\/schema.org","@graph":[{"@type":"WebPage","@id":"https:\/\/www.life-sallina.com\/en\/politique-de-confidentialite\/","url":"https:\/\/www.life-sallina.com\/en\/politique-de-confidentialite\/","name":"Mentions l\u00e9gales","isPartOf":{"@id":"https:\/\/www.life-sallina.com\/en\/#website"},"datePublished":"2020-06-18T14:47:46+00:00","dateModified":"2020-09-21T14:05:44+00:00","breadcrumb":{"@id":"https:\/\/www.life-sallina.com\/en\/politique-de-confidentialite\/#breadcrumb"},"inLanguage":"en-US","potentialAction":[{"@type":"ReadAction","target":["https:\/\/www.life-sallina.com\/en\/politique-de-confidentialite\/"]}]},{"@type":"BreadcrumbList","@id":"https:\/\/www.life-sallina.com\/en\/politique-de-confidentialite\/#breadcrumb","itemListElement":[{"@type":"ListItem","position":1,"name":"Accueil","item":"https:\/\/www.life-sallina.com\/en\/"},{"@type":"ListItem","position":2,"name":"Mentions l\u00e9gales"}]},{"@type":"WebSite","@id":"https:\/\/www.life-sallina.com\/en\/#website","url":"https:\/\/www.life-sallina.com\/en\/","name":"Life Sallina","description":"","publisher":{"@id":"https:\/\/www.life-sallina.com\/en\/#organization"},"potentialAction":[{"@type":"SearchAction","target":{"@type":"EntryPoint","urlTemplate":"https:\/\/www.life-sallina.com\/en\/?s={search_term_string}"},"query-input":{"@type":"PropertyValueSpecification","valueRequired":true,"valueName":"search_term_string"}}],"inLanguage":"en-US"},{"@type":"Organization","@id":"https:\/\/www.life-sallina.com\/en\/#organization","name":"Life Sallina","url":"https:\/\/www.life-sallina.com\/en\/","logo":{"@type":"ImageObject","inLanguage":"en-US","@id":"https:\/\/www.life-sallina.com\/en\/#\/schema\/logo\/image\/","url":"https:\/\/www.life-sallina.com\/wp-content\/uploads\/2020\/07\/bulle-logo.png","contentUrl":"https:\/\/www.life-sallina.com\/wp-content\/uploads\/2020\/07\/bulle-logo.png","width":297,"height":297,"caption":"Life Sallina"},"image":{"@id":"https:\/\/www.life-sallina.com\/en\/#\/schema\/logo\/image\/"}}]}},"_links":{"self":[{"href":"https:\/\/www.life-sallina.com\/en\/wp-json\/wp\/v2\/pages\/156","targetHints":{"allow":["GET"]}}],"collection":[{"href":"https:\/\/www.life-sallina.com\/en\/wp-json\/wp\/v2\/pages"}],"about":[{"href":"https:\/\/www.life-sallina.com\/en\/wp-json\/wp\/v2\/types\/page"}],"author":[{"embeddable":true,"href":"https:\/\/www.life-sallina.com\/en\/wp-json\/wp\/v2\/users\/1"}],"replies":[{"embeddable":true,"href":"https:\/\/www.life-sallina.com\/en\/wp-json\/wp\/v2\/comments?post=156"}],"version-history":[{"count":5,"href":"https:\/\/www.life-sallina.com\/en\/wp-json\/wp\/v2\/pages\/156\/revisions"}],"predecessor-version":[{"id":1885,"href":"https:\/\/www.life-sallina.com\/en\/wp-json\/wp\/v2\/pages\/156\/revisions\/1885"}],"wp:attachment":[{"href":"https:\/\/www.life-sallina.com\/en\/wp-json\/wp\/v2\/media?parent=156"}],"curies":[{"name":"wp","href":"https:\/\/api.w.org\/{rel}","templated":true}]}}