{"id":662,"date":"2020-08-17T14:58:23","date_gmt":"2020-08-17T12:58:23","guid":{"rendered":"https:\/\/www.life-sallina.com\/les-sites\/"},"modified":"2020-12-15T09:29:07","modified_gmt":"2020-12-15T08:29:07","slug":"les-sites","status":"publish","type":"page","link":"https:\/\/www.life-sallina.com\/en\/les-sites\/","title":{"rendered":"Sites"},"content":{"rendered":"\t\t<div data-elementor-type=\"wp-page\" data-elementor-id=\"662\" class=\"elementor elementor-662 elementor-355\">\n\t\t\t\t\t\t<section class=\"elementor-section elementor-top-section elementor-element elementor-element-a33db86 elementor-section-boxed elementor-section-height-default elementor-section-height-default\" data-id=\"a33db86\" data-element_type=\"section\" data-e-type=\"section\">\n\t\t\t\t\t\t<div class=\"elementor-container elementor-column-gap-default\">\n\t\t\t\t\t<div class=\"elementor-column elementor-col-100 elementor-top-column elementor-element elementor-element-1336f6b\" data-id=\"1336f6b\" data-element_type=\"column\" data-e-type=\"column\">\n\t\t\t<div class=\"elementor-widget-wrap elementor-element-populated\">\n\t\t\t\t\t\t<div class=\"elementor-element elementor-element-a91de50 elementor-widget elementor-widget-text-editor\" data-id=\"a91de50\" data-element_type=\"widget\" data-e-type=\"widget\" data-widget_type=\"text-editor.default\">\n\t\t\t\t<div class=\"elementor-widget-container\">\n\t\t\t\t\t\t\t\t\t<p>LIFE mainly covers 6 Natura 2000 sites (Special Conservation Zone and Special Protection Zone):<\/p>\n<ul>\n<li>&#8220;Salt marshes of Gu\u00e9rande, Traicts of Croisic, dunes of Pen Bron&#8221;,<\/li>\n<li>&#8220;Marais du M\u00e8s, bay and dunes of Pont-Mah\u00e9, pond of Pont de Fer&#8221;,<\/li>\n<li>&#8220;Marais Breton, Bourgneuf bay, \u00cele de Noirmoutier and Monts forest&#8221;.<\/li>\n<\/ul>\n<p>\u00a0<\/p>\n<p>Ecological restoration works target 15 pilot sites for the Gu\u00e9rande and M\u00e8s marshes, 5 pilot sites on the \u00cele de Noirmoutier and the Millac marshes for the Marais Breton.<\/p>\t\t\t\t\t\t\t\t<\/div>\n\t\t\t\t<\/div>\n\t\t\t\t\t<\/div>\n\t\t<\/div>\n\t\t\t\t\t<\/div>\n\t\t<\/section>\n\t\t\t\t<section class=\"elementor-section elementor-top-section elementor-element elementor-element-5ad67039 elementor-section-boxed elementor-section-height-default elementor-section-height-default\" data-id=\"5ad67039\" data-element_type=\"section\" data-e-type=\"section\">\n\t\t\t\t\t\t<div class=\"elementor-container elementor-column-gap-default\">\n\t\t\t\t\t<div class=\"elementor-column elementor-col-33 elementor-top-column elementor-element elementor-element-7b0fff84\" data-id=\"7b0fff84\" data-element_type=\"column\" data-e-type=\"column\" data-settings=\"{&quot;background_background&quot;:&quot;classic&quot;}\">\n\t\t\t<div class=\"elementor-widget-wrap elementor-element-populated\">\n\t\t\t\t\t\t<div class=\"elementor-element elementor-element-7bea73de elementor-position-top elementor-widget elementor-widget-image-box\" data-id=\"7bea73de\" data-element_type=\"widget\" data-e-type=\"widget\" data-widget_type=\"image-box.default\">\n\t\t\t\t<div class=\"elementor-widget-container\">\n\t\t\t\t\t<div class=\"elementor-image-box-wrapper\"><figure class=\"elementor-image-box-img\"><a href=\"https:\/\/www.life-sallina.com\/en\/les-sites\/les-marais-salants-de-guerande-et-du-mes\/\" tabindex=\"-1\"><img fetchpriority=\"high\" decoding=\"async\" width=\"580\" height=\"820\" src=\"https:\/\/www.life-sallina.com\/wp-content\/uploads\/2020\/09\/ifographie_guerande-724x1024.jpg\" class=\"attachment-large size-large wp-image-1503\" alt=\"\" srcset=\"https:\/\/www.life-sallina.com\/wp-content\/uploads\/2020\/09\/ifographie_guerande-724x1024.jpg 724w, https:\/\/www.life-sallina.com\/wp-content\/uploads\/2020\/09\/ifographie_guerande-212x300.jpg 212w, https:\/\/www.life-sallina.com\/wp-content\/uploads\/2020\/09\/ifographie_guerande-768x1086.jpg 768w, https:\/\/www.life-sallina.com\/wp-content\/uploads\/2020\/09\/ifographie_guerande-1086x1536.jpg 1086w, https:\/\/www.life-sallina.com\/wp-content\/uploads\/2020\/09\/ifographie_guerande.jpg 1140w\" sizes=\"(max-width: 580px) 100vw, 580px\" \/><\/a><\/figure><div class=\"elementor-image-box-content\"><h2 class=\"elementor-image-box-title\"><a href=\"https:\/\/www.life-sallina.com\/en\/les-sites\/les-marais-salants-de-guerande-et-du-mes\/\">The salt marshes of Gu\u00e9rande and M\u00e8s<\/a><\/h2><\/div><\/div>\t\t\t\t<\/div>\n\t\t\t\t<\/div>\n\t\t\t\t<div class=\"elementor-element elementor-element-407cdc53 elementor-button-info elementor-align-center elementor-widget elementor-widget-button\" data-id=\"407cdc53\" data-element_type=\"widget\" data-e-type=\"widget\" data-widget_type=\"button.default\">\n\t\t\t\t<div class=\"elementor-widget-container\">\n\t\t\t\t\t\t\t\t\t<div class=\"elementor-button-wrapper\">\n\t\t\t\t\t<a class=\"elementor-button elementor-button-link elementor-size-md\" href=\"https:\/\/www.life-sallina.com\/en\/les-sites\/les-marais-salants-de-guerande-et-du-mes\/\">\n\t\t\t\t\t\t<span class=\"elementor-button-content-wrapper\">\n\t\t\t\t\t\t<span class=\"elementor-button-icon\">\n\t\t\t\t<i aria-hidden=\"true\" class=\"fas fa-arrow-right\"><\/i>\t\t\t<\/span>\n\t\t\t\t\t\t\t\t\t<span class=\"elementor-button-text\">More information<\/span>\n\t\t\t\t\t<\/span>\n\t\t\t\t\t<\/a>\n\t\t\t\t<\/div>\n\t\t\t\t\t\t\t\t<\/div>\n\t\t\t\t<\/div>\n\t\t\t\t\t<\/div>\n\t\t<\/div>\n\t\t\t\t<div class=\"elementor-column elementor-col-33 elementor-top-column elementor-element elementor-element-34bcd948\" data-id=\"34bcd948\" data-element_type=\"column\" data-e-type=\"column\" data-settings=\"{&quot;background_background&quot;:&quot;classic&quot;}\">\n\t\t\t<div class=\"elementor-widget-wrap elementor-element-populated\">\n\t\t\t\t\t\t<div class=\"elementor-element elementor-element-361b8cb5 elementor-position-top elementor-widget elementor-widget-image-box\" data-id=\"361b8cb5\" data-element_type=\"widget\" data-e-type=\"widget\" data-widget_type=\"image-box.default\">\n\t\t\t\t<div class=\"elementor-widget-container\">\n\t\t\t\t\t<div class=\"elementor-image-box-wrapper\"><figure class=\"elementor-image-box-img\"><a href=\"https:\/\/www.life-sallina.com\/en\/les-sites\/le-marais-breton-sale\/\" tabindex=\"-1\"><img decoding=\"async\" width=\"580\" height=\"820\" src=\"https:\/\/www.life-sallina.com\/wp-content\/uploads\/2020\/12\/infographie_marais-breton_2-724x1024.jpg\" class=\"attachment-large size-large wp-image-2263\" alt=\"\" srcset=\"https:\/\/www.life-sallina.com\/wp-content\/uploads\/2020\/12\/infographie_marais-breton_2-724x1024.jpg 724w, https:\/\/www.life-sallina.com\/wp-content\/uploads\/2020\/12\/infographie_marais-breton_2-212x300.jpg 212w, https:\/\/www.life-sallina.com\/wp-content\/uploads\/2020\/12\/infographie_marais-breton_2-768x1086.jpg 768w, https:\/\/www.life-sallina.com\/wp-content\/uploads\/2020\/12\/infographie_marais-breton_2-1086x1536.jpg 1086w, https:\/\/www.life-sallina.com\/wp-content\/uploads\/2020\/12\/infographie_marais-breton_2-1448x2048.jpg 1448w, https:\/\/www.life-sallina.com\/wp-content\/uploads\/2020\/12\/infographie_marais-breton_2-1200x1697.jpg 1200w, https:\/\/www.life-sallina.com\/wp-content\/uploads\/2020\/12\/infographie_marais-breton_2-1980x2801.jpg 1980w, https:\/\/www.life-sallina.com\/wp-content\/uploads\/2020\/12\/infographie_marais-breton_2-scaled.jpg 1810w\" sizes=\"(max-width: 580px) 100vw, 580px\" \/><\/a><\/figure><div class=\"elementor-image-box-content\"><h2 class=\"elementor-image-box-title\"><a href=\"https:\/\/www.life-sallina.com\/en\/les-sites\/le-marais-breton-sale\/\"> The Marais breton<\/a><\/h2><\/div><\/div>\t\t\t\t<\/div>\n\t\t\t\t<\/div>\n\t\t\t\t<div class=\"elementor-element elementor-element-717fb87a elementor-button-info elementor-align-center elementor-widget elementor-widget-button\" data-id=\"717fb87a\" data-element_type=\"widget\" data-e-type=\"widget\" data-widget_type=\"button.default\">\n\t\t\t\t<div class=\"elementor-widget-container\">\n\t\t\t\t\t\t\t\t\t<div class=\"elementor-button-wrapper\">\n\t\t\t\t\t<a class=\"elementor-button elementor-button-link elementor-size-md\" href=\"https:\/\/www.life-sallina.com\/en\/les-sites\/le-marais-breton-sale\/\">\n\t\t\t\t\t\t<span class=\"elementor-button-content-wrapper\">\n\t\t\t\t\t\t<span class=\"elementor-button-icon\">\n\t\t\t\t<i aria-hidden=\"true\" class=\"fas fa-arrow-right\"><\/i>\t\t\t<\/span>\n\t\t\t\t\t\t\t\t\t<span class=\"elementor-button-text\">More information<\/span>\n\t\t\t\t\t<\/span>\n\t\t\t\t\t<\/a>\n\t\t\t\t<\/div>\n\t\t\t\t\t\t\t\t<\/div>\n\t\t\t\t<\/div>\n\t\t\t\t\t<\/div>\n\t\t<\/div>\n\t\t\t\t<div class=\"elementor-column elementor-col-33 elementor-top-column elementor-element elementor-element-670fb5a\" data-id=\"670fb5a\" data-element_type=\"column\" data-e-type=\"column\" data-settings=\"{&quot;background_background&quot;:&quot;classic&quot;}\">\n\t\t\t<div class=\"elementor-widget-wrap elementor-element-populated\">\n\t\t\t\t\t\t<div class=\"elementor-element elementor-element-4c087e78 elementor-position-top elementor-widget elementor-widget-image-box\" data-id=\"4c087e78\" data-element_type=\"widget\" data-e-type=\"widget\" data-widget_type=\"image-box.default\">\n\t\t\t\t<div class=\"elementor-widget-container\">\n\t\t\t\t\t<div class=\"elementor-image-box-wrapper\"><figure class=\"elementor-image-box-img\"><a href=\"https:\/\/www.life-sallina.com\/en\/les-sites\/les-marais-de-lile-de-noirmoutier\/\" tabindex=\"-1\"><img decoding=\"async\" width=\"580\" height=\"820\" src=\"https:\/\/www.life-sallina.com\/wp-content\/uploads\/2020\/09\/infographie_noirmout-724x1024.jpg\" class=\"attachment-large size-large wp-image-1507\" alt=\"\" srcset=\"https:\/\/www.life-sallina.com\/wp-content\/uploads\/2020\/09\/infographie_noirmout-724x1024.jpg 724w, https:\/\/www.life-sallina.com\/wp-content\/uploads\/2020\/09\/infographie_noirmout-212x300.jpg 212w, https:\/\/www.life-sallina.com\/wp-content\/uploads\/2020\/09\/infographie_noirmout-768x1086.jpg 768w, https:\/\/www.life-sallina.com\/wp-content\/uploads\/2020\/09\/infographie_noirmout-1086x1536.jpg 1086w, https:\/\/www.life-sallina.com\/wp-content\/uploads\/2020\/09\/infographie_noirmout.jpg 1140w\" sizes=\"(max-width: 580px) 100vw, 580px\" \/><\/a><\/figure><div class=\"elementor-image-box-content\"><h2 class=\"elementor-image-box-title\"><a href=\"https:\/\/www.life-sallina.com\/en\/les-sites\/les-marais-de-lile-de-noirmoutier\/\">The salt marshes of \u00eele de Noirmoutier<\/a><\/h2><\/div><\/div>\t\t\t\t<\/div>\n\t\t\t\t<\/div>\n\t\t\t\t<div class=\"elementor-element elementor-element-222d966b elementor-button-info elementor-align-center elementor-widget elementor-widget-button\" data-id=\"222d966b\" data-element_type=\"widget\" data-e-type=\"widget\" data-widget_type=\"button.default\">\n\t\t\t\t<div class=\"elementor-widget-container\">\n\t\t\t\t\t\t\t\t\t<div class=\"elementor-button-wrapper\">\n\t\t\t\t\t<a class=\"elementor-button elementor-button-link elementor-size-md\" href=\"https:\/\/www.life-sallina.com\/en\/les-sites\/les-marais-de-lile-de-noirmoutier\/\">\n\t\t\t\t\t\t<span class=\"elementor-button-content-wrapper\">\n\t\t\t\t\t\t<span class=\"elementor-button-icon\">\n\t\t\t\t<i aria-hidden=\"true\" class=\"fas fa-arrow-right\"><\/i>\t\t\t<\/span>\n\t\t\t\t\t\t\t\t\t<span class=\"elementor-button-text\">More information<\/span>\n\t\t\t\t\t<\/span>\n\t\t\t\t\t<\/a>\n\t\t\t\t<\/div>\n\t\t\t\t\t\t\t\t<\/div>\n\t\t\t\t<\/div>\n\t\t\t\t\t<\/div>\n\t\t<\/div>\n\t\t\t\t\t<\/div>\n\t\t<\/section>\n\t\t\t\t<\/div>\n\t\t","protected":false},"excerpt":{"rendered":"<p>LIFE mainly covers 6 Natura 2000 sites (Special Conservation Zone and Special Protection Zone): &#8220;Salt marshes of Gu\u00e9rande, Traicts of Croisic, dunes of Pen Bron&#8221;, &#8220;Marais du M\u00e8s, bay and dunes of Pont-Mah\u00e9, pond of Pont de Fer&#8221;, &#8220;Marais Breton, Bourgneuf bay, \u00cele de Noirmoutier and Monts forest&#8221;. \u00a0 Ecological restoration works target 15 pilot [&hellip;]<\/p>\n","protected":false},"author":1,"featured_media":0,"parent":0,"menu_order":0,"comment_status":"closed","ping_status":"closed","template":"les-sites.php","meta":{"footnotes":""},"class_list":["post-662","page","type-page","status-publish","hentry"],"yoast_head":"<!-- This site is optimized with the Yoast SEO plugin v27.5 - https:\/\/yoast.com\/product\/yoast-seo-wordpress\/ -->\n<title>Sites, LIFE Sallina<\/title>\n<meta name=\"description\" content=\"LIFE mainly covers 6 Natura 2000 sites (Special Conservation Zone and Special Protection Zone)\" \/>\n<meta name=\"robots\" content=\"index, follow, max-snippet:-1, max-image-preview:large, max-video-preview:-1\" \/>\n<link rel=\"canonical\" href=\"https:\/\/www.life-sallina.com\/en\/les-sites\/\" \/>\n<meta property=\"og:locale\" content=\"en_US\" \/>\n<meta property=\"og:type\" content=\"article\" \/>\n<meta property=\"og:title\" content=\"Sites, LIFE Sallina\" \/>\n<meta property=\"og:description\" content=\"LIFE mainly covers 6 Natura 2000 sites (Special Conservation Zone and Special Protection Zone)\" \/>\n<meta property=\"og:url\" content=\"https:\/\/www.life-sallina.com\/en\/les-sites\/\" \/>\n<meta property=\"og:site_name\" content=\"Life Sallina\" \/>\n<meta property=\"article:modified_time\" content=\"2020-12-15T08:29:07+00:00\" \/>\n<meta property=\"og:image\" content=\"https:\/\/www.life-sallina.com\/wp-content\/uploads\/2020\/09\/ifographie_guerande-724x1024.jpg\" \/>\n<meta name=\"twitter:card\" content=\"summary_large_image\" \/>\n<meta name=\"twitter:label1\" content=\"Est. reading time\" \/>\n\t<meta name=\"twitter:data1\" content=\"1 minute\" \/>\n<script type=\"application\/ld+json\" class=\"yoast-schema-graph\">{\"@context\":\"https:\\\/\\\/schema.org\",\"@graph\":[{\"@type\":\"WebPage\",\"@id\":\"https:\\\/\\\/www.life-sallina.com\\\/en\\\/les-sites\\\/\",\"url\":\"https:\\\/\\\/www.life-sallina.com\\\/en\\\/les-sites\\\/\",\"name\":\"Sites, LIFE Sallina\",\"isPartOf\":{\"@id\":\"https:\\\/\\\/www.life-sallina.com\\\/en\\\/#website\"},\"primaryImageOfPage\":{\"@id\":\"https:\\\/\\\/www.life-sallina.com\\\/en\\\/les-sites\\\/#primaryimage\"},\"image\":{\"@id\":\"https:\\\/\\\/www.life-sallina.com\\\/en\\\/les-sites\\\/#primaryimage\"},\"thumbnailUrl\":\"https:\\\/\\\/www.life-sallina.com\\\/wp-content\\\/uploads\\\/2020\\\/09\\\/ifographie_guerande-724x1024.jpg\",\"datePublished\":\"2020-08-17T12:58:23+00:00\",\"dateModified\":\"2020-12-15T08:29:07+00:00\",\"description\":\"LIFE mainly covers 6 Natura 2000 sites (Special Conservation Zone and Special Protection Zone)\",\"breadcrumb\":{\"@id\":\"https:\\\/\\\/www.life-sallina.com\\\/en\\\/les-sites\\\/#breadcrumb\"},\"inLanguage\":\"en-US\",\"potentialAction\":[{\"@type\":\"ReadAction\",\"target\":[\"https:\\\/\\\/www.life-sallina.com\\\/en\\\/les-sites\\\/\"]}]},{\"@type\":\"ImageObject\",\"inLanguage\":\"en-US\",\"@id\":\"https:\\\/\\\/www.life-sallina.com\\\/en\\\/les-sites\\\/#primaryimage\",\"url\":\"https:\\\/\\\/www.life-sallina.com\\\/wp-content\\\/uploads\\\/2020\\\/09\\\/ifographie_guerande-724x1024.jpg\",\"contentUrl\":\"https:\\\/\\\/www.life-sallina.com\\\/wp-content\\\/uploads\\\/2020\\\/09\\\/ifographie_guerande-724x1024.jpg\"},{\"@type\":\"BreadcrumbList\",\"@id\":\"https:\\\/\\\/www.life-sallina.com\\\/en\\\/les-sites\\\/#breadcrumb\",\"itemListElement\":[{\"@type\":\"ListItem\",\"position\":1,\"name\":\"Accueil\",\"item\":\"https:\\\/\\\/www.life-sallina.com\\\/en\\\/\"},{\"@type\":\"ListItem\",\"position\":2,\"name\":\"Sites\"}]},{\"@type\":\"WebSite\",\"@id\":\"https:\\\/\\\/www.life-sallina.com\\\/en\\\/#website\",\"url\":\"https:\\\/\\\/www.life-sallina.com\\\/en\\\/\",\"name\":\"Life Sallina\",\"description\":\"\",\"publisher\":{\"@id\":\"https:\\\/\\\/www.life-sallina.com\\\/en\\\/#organization\"},\"potentialAction\":[{\"@type\":\"SearchAction\",\"target\":{\"@type\":\"EntryPoint\",\"urlTemplate\":\"https:\\\/\\\/www.life-sallina.com\\\/en\\\/?s={search_term_string}\"},\"query-input\":{\"@type\":\"PropertyValueSpecification\",\"valueRequired\":true,\"valueName\":\"search_term_string\"}}],\"inLanguage\":\"en-US\"},{\"@type\":\"Organization\",\"@id\":\"https:\\\/\\\/www.life-sallina.com\\\/en\\\/#organization\",\"name\":\"Life Sallina\",\"url\":\"https:\\\/\\\/www.life-sallina.com\\\/en\\\/\",\"logo\":{\"@type\":\"ImageObject\",\"inLanguage\":\"en-US\",\"@id\":\"https:\\\/\\\/www.life-sallina.com\\\/en\\\/#\\\/schema\\\/logo\\\/image\\\/\",\"url\":\"https:\\\/\\\/www.life-sallina.com\\\/wp-content\\\/uploads\\\/2020\\\/07\\\/bulle-logo.png\",\"contentUrl\":\"https:\\\/\\\/www.life-sallina.com\\\/wp-content\\\/uploads\\\/2020\\\/07\\\/bulle-logo.png\",\"width\":297,\"height\":297,\"caption\":\"Life Sallina\"},\"image\":{\"@id\":\"https:\\\/\\\/www.life-sallina.com\\\/en\\\/#\\\/schema\\\/logo\\\/image\\\/\"}}]}<\/script>\n<!-- \/ Yoast SEO plugin. -->","yoast_head_json":{"title":"Sites, LIFE Sallina","description":"LIFE mainly covers 6 Natura 2000 sites (Special Conservation Zone and Special Protection Zone)","robots":{"index":"index","follow":"follow","max-snippet":"max-snippet:-1","max-image-preview":"max-image-preview:large","max-video-preview":"max-video-preview:-1"},"canonical":"https:\/\/www.life-sallina.com\/en\/les-sites\/","og_locale":"en_US","og_type":"article","og_title":"Sites, LIFE Sallina","og_description":"LIFE mainly covers 6 Natura 2000 sites (Special Conservation Zone and Special Protection Zone)","og_url":"https:\/\/www.life-sallina.com\/en\/les-sites\/","og_site_name":"Life Sallina","article_modified_time":"2020-12-15T08:29:07+00:00","og_image":[{"url":"https:\/\/www.life-sallina.com\/wp-content\/uploads\/2020\/09\/ifographie_guerande-724x1024.jpg","type":"","width":"","height":""}],"twitter_card":"summary_large_image","twitter_misc":{"Est. reading time":"1 minute"},"schema":{"@context":"https:\/\/schema.org","@graph":[{"@type":"WebPage","@id":"https:\/\/www.life-sallina.com\/en\/les-sites\/","url":"https:\/\/www.life-sallina.com\/en\/les-sites\/","name":"Sites, LIFE Sallina","isPartOf":{"@id":"https:\/\/www.life-sallina.com\/en\/#website"},"primaryImageOfPage":{"@id":"https:\/\/www.life-sallina.com\/en\/les-sites\/#primaryimage"},"image":{"@id":"https:\/\/www.life-sallina.com\/en\/les-sites\/#primaryimage"},"thumbnailUrl":"https:\/\/www.life-sallina.com\/wp-content\/uploads\/2020\/09\/ifographie_guerande-724x1024.jpg","datePublished":"2020-08-17T12:58:23+00:00","dateModified":"2020-12-15T08:29:07+00:00","description":"LIFE mainly covers 6 Natura 2000 sites (Special Conservation Zone and Special Protection Zone)","breadcrumb":{"@id":"https:\/\/www.life-sallina.com\/en\/les-sites\/#breadcrumb"},"inLanguage":"en-US","potentialAction":[{"@type":"ReadAction","target":["https:\/\/www.life-sallina.com\/en\/les-sites\/"]}]},{"@type":"ImageObject","inLanguage":"en-US","@id":"https:\/\/www.life-sallina.com\/en\/les-sites\/#primaryimage","url":"https:\/\/www.life-sallina.com\/wp-content\/uploads\/2020\/09\/ifographie_guerande-724x1024.jpg","contentUrl":"https:\/\/www.life-sallina.com\/wp-content\/uploads\/2020\/09\/ifographie_guerande-724x1024.jpg"},{"@type":"BreadcrumbList","@id":"https:\/\/www.life-sallina.com\/en\/les-sites\/#breadcrumb","itemListElement":[{"@type":"ListItem","position":1,"name":"Accueil","item":"https:\/\/www.life-sallina.com\/en\/"},{"@type":"ListItem","position":2,"name":"Sites"}]},{"@type":"WebSite","@id":"https:\/\/www.life-sallina.com\/en\/#website","url":"https:\/\/www.life-sallina.com\/en\/","name":"Life Sallina","description":"","publisher":{"@id":"https:\/\/www.life-sallina.com\/en\/#organization"},"potentialAction":[{"@type":"SearchAction","target":{"@type":"EntryPoint","urlTemplate":"https:\/\/www.life-sallina.com\/en\/?s={search_term_string}"},"query-input":{"@type":"PropertyValueSpecification","valueRequired":true,"valueName":"search_term_string"}}],"inLanguage":"en-US"},{"@type":"Organization","@id":"https:\/\/www.life-sallina.com\/en\/#organization","name":"Life Sallina","url":"https:\/\/www.life-sallina.com\/en\/","logo":{"@type":"ImageObject","inLanguage":"en-US","@id":"https:\/\/www.life-sallina.com\/en\/#\/schema\/logo\/image\/","url":"https:\/\/www.life-sallina.com\/wp-content\/uploads\/2020\/07\/bulle-logo.png","contentUrl":"https:\/\/www.life-sallina.com\/wp-content\/uploads\/2020\/07\/bulle-logo.png","width":297,"height":297,"caption":"Life Sallina"},"image":{"@id":"https:\/\/www.life-sallina.com\/en\/#\/schema\/logo\/image\/"}}]}},"_links":{"self":[{"href":"https:\/\/www.life-sallina.com\/en\/wp-json\/wp\/v2\/pages\/662","targetHints":{"allow":["GET"]}}],"collection":[{"href":"https:\/\/www.life-sallina.com\/en\/wp-json\/wp\/v2\/pages"}],"about":[{"href":"https:\/\/www.life-sallina.com\/en\/wp-json\/wp\/v2\/types\/page"}],"author":[{"embeddable":true,"href":"https:\/\/www.life-sallina.com\/en\/wp-json\/wp\/v2\/users\/1"}],"replies":[{"embeddable":true,"href":"https:\/\/www.life-sallina.com\/en\/wp-json\/wp\/v2\/comments?post=662"}],"version-history":[{"count":7,"href":"https:\/\/www.life-sallina.com\/en\/wp-json\/wp\/v2\/pages\/662\/revisions"}],"predecessor-version":[{"id":2269,"href":"https:\/\/www.life-sallina.com\/en\/wp-json\/wp\/v2\/pages\/662\/revisions\/2269"}],"wp:attachment":[{"href":"https:\/\/www.life-sallina.com\/en\/wp-json\/wp\/v2\/media?parent=662"}],"curies":[{"name":"wp","href":"https:\/\/api.w.org\/{rel}","templated":true}]}}